{"id":455,"date":"2018-10-02T18:29:54","date_gmt":"2018-10-02T16:29:54","guid":{"rendered":"https:\/\/telemarkclubbelalp.ch\/wordpress\/?page_id=455"},"modified":"2019-08-19T10:52:32","modified_gmt":"2019-08-19T08:52:32","slug":"bilderarchiv","status":"publish","type":"page","link":"https:\/\/telemarkclubbelalp.ch\/wordpress\/gallery\/bilderarchiv\/","title":{"rendered":"Archiv Fotogalerien"},"content":{"rendered":"<h3>Fotoarchiv Telemarkclub Belalp<\/h3>\n<table cellspacing=\"0\">\n<tbody>\n<tr>\n<td id=\"g0\">\n<p style=\"text-align: left;\"><a href=\"https:\/\/telemarkclubbelalp.ch\/wp-content\/gallery\/g41\" target=\"_blank\" rel=\"noopener noreferrer\">2018_Saisonschluss<\/a><\/p>\n<\/td>\n<td id=\"g1\" style=\"text-align: left;\"><a href=\"https:\/\/telemarkclubbelalp.ch\/wp-content\/gallery\/g40\/\" target=\"_blank\" rel=\"noopener noreferrer\">2018_Dorfvereinsrennen<\/a><\/td>\n<\/tr>\n<tr>\n<td id=\"g2\">\n<p style=\"text-align: left;\"><a href=\"https:\/\/telemarkclubbelalp.ch\/wp-content\/gallery\/g39\/\" target=\"_blank\" rel=\"noopener noreferrer\">2018_Teleday<\/a><\/p>\n<\/td>\n<td id=\"g3\">\n<p style=\"text-align: left;\"><a href=\"https:\/\/telemarkclubbelalp.ch\/wp-content\/gallery\/g38\/\" target=\"_blank\" rel=\"noopener noreferrer\">2017_ Herbstausflug<\/a><\/p>\n<\/td>\n<\/tr>\n<tr>\n<td id=\"g4\">\n<p style=\"text-align: left;\"><a href=\"https:\/\/telemarkclubbelalp.ch\/wp-content\/gallery\/g37\/\" target=\"_blank\" rel=\"noopener noreferrer\">2017_ Saisonschluss<\/a><\/p>\n<\/td>\n<td id=\"g5\">\n<p style=\"text-align: left;\"><a href=\"https:\/\/telemarkclubbelalp.ch\/wp-content\/gallery\/g36\/\" target=\"_blank\" rel=\"noopener noreferrer\">2017_Dorfvereinsrennen<\/a><\/p>\n<\/td>\n<\/tr>\n<tr>\n<td id=\"g6\">\n<p style=\"text-align: left;\"><a href=\"https:\/\/telemarkclubbelalp.ch\/wp-content\/gallery\/g35\/\" target=\"_blank\" rel=\"noopener noreferrer\">2017_Teleday<\/a><\/p>\n<\/td>\n<td id=\"g7\">\n<p style=\"text-align: left;\"><a href=\"https:\/\/telemarkclubbelalp.ch\/wp-content\/gallery\/g34\/\" target=\"_blank\" rel=\"noopener noreferrer\">2016_Saisoner\u00f6ffnung<\/a><\/p>\n<\/td>\n<\/tr>\n<tr>\n<td id=\"g8\">\n<p style=\"text-align: left;\"><a href=\"https:\/\/telemarkclubbelalp.ch\/wp-content\/gallery\/g33\/\" target=\"_blank\" rel=\"noopener noreferrer\">2016_Herbstausflug<\/a><\/p>\n<\/td>\n<td id=\"g9\">\n<p style=\"text-align: left;\"><a href=\"..\/..\/..\/..\/photos\/svmanager\/g32\/\" target=\"_blank\" rel=\"noopener noreferrer\">2016_Ostermontag Telemark mit Ap\u00e9ro<\/a><\/p>\n<\/td>\n<\/tr>\n<tr>\n<td id=\"g10\">\n<p style=\"text-align: left;\"><a href=\"https:\/\/telemarkclubbelalp.ch\/wp-content\/gallery\/g31\/\" target=\"_blank\" rel=\"noopener noreferrer\">2016_Dorfvereinsrennen<\/a><\/p>\n<\/td>\n<td id=\"g11\"><a href=\"https:\/\/telemarkclubbelalp.ch\/wp-content\/gallery\/g30\/\" target=\"_blank\" rel=\"noopener noreferrer\">2015_Saisioner\u00f6ffnung<\/a><\/td>\n<\/tr>\n<tr>\n<td id=\"g12\">\n<p style=\"text-align: left;\"><a href=\"https:\/\/telemarkclubbelalp.ch\/wp-content\/gallery\/g29\/\" target=\"_blank\" rel=\"noopener noreferrer\">2015_Herbstausflug<\/a><\/p>\n<\/td>\n<td id=\"g13\">\n<p style=\"text-align: left;\"><a href=\"https:\/\/telemarkclubbelalp.ch\/wp-content\/gallery\/g28\/\" target=\"_blank\" rel=\"noopener noreferrer\">2015_Dorfvereinsrennen<\/a><\/p>\n<\/td>\n<\/tr>\n<tr>\n<td id=\"g14\">\n<p style=\"text-align: left;\"><a href=\"https:\/\/telemarkclubbelalp.ch\/wp-content\/gallery\/g27\/\" target=\"_blank\" rel=\"noopener noreferrer\">2015_ Telemarkclub Fribourg zu Gast<\/a><\/p>\n<\/td>\n<td id=\"g15\">\n<p style=\"text-align: left;\"><a href=\"https:\/\/telemarkclubbelalp.ch\/wp-content\/gallery\/g26\/\" target=\"_blank\" rel=\"noopener noreferrer\">2015_Teleday<\/a><\/p>\n<\/td>\n<\/tr>\n<tr>\n<td id=\"g16\">\n<p style=\"text-align: left;\"><a href=\"https:\/\/telemarkclubbelalp.ch\/wp-content\/gallery\/g25\/\" target=\"_blank\" rel=\"noopener noreferrer\">2014_Herbstausflug<\/a><\/p>\n<\/td>\n<td id=\"g17\">\n<p style=\"text-align: left;\"><a href=\"https:\/\/telemarkclubbelalp.ch\/wp-content\/gallery\/g24\/\" target=\"_blank\" rel=\"noopener noreferrer\">2014_Dorfvereinsrennen<\/a><\/p>\n<\/td>\n<\/tr>\n<tr>\n<td id=\"g18\">\n<p style=\"text-align: left;\"><a href=\"https:\/\/telemarkclubbelalp.ch\/wp-content\/gallery\/g23\/\" target=\"_blank\" rel=\"noopener noreferrer\">2014_Teleday<\/a><\/p>\n<\/td>\n<td id=\"g19\">\n<p style=\"text-align: left;\"><a href=\"https:\/\/telemarkclubbelalp.ch\/wp-content\/gallery\/g22\/\" target=\"_blank\" rel=\"noopener noreferrer\">2013_Saisoner\u00f6ffnung<\/a><\/p>\n<\/td>\n<\/tr>\n<tr>\n<td id=\"g20\">\n<p style=\"text-align: left;\"><a href=\"https:\/\/telemarkclubbelalp.ch\/wp-content\/gallery\/g21\/\" target=\"_blank\" rel=\"noopener noreferrer\">2013_Herbstausflug<\/a><\/p>\n<\/td>\n<td id=\"g21\">\n<p style=\"text-align: left;\"><a href=\"https:\/\/telemarkclubbelalp.ch\/wp-content\/gallery\/g20\/\" target=\"_blank\" rel=\"noopener noreferrer\">2013_Skitour Saisonschluss<\/a><\/p>\n<\/td>\n<\/tr>\n<tr>\n<td id=\"g22\">\n<p style=\"text-align: left;\"><a href=\"https:\/\/telemarkclubbelalp.ch\/wp-content\/gallery\/g19\/\" target=\"_blank\" rel=\"noopener noreferrer\">2013_Dorfvereinsrennen<\/a><\/p>\n<\/td>\n<td id=\"g23\">\n<p style=\"text-align: left;\"><a href=\"https:\/\/telemarkclubbelalp.ch\/wp-content\/gallery\/g18\/\" target=\"_blank\" rel=\"noopener noreferrer\">2013_Nostalgierennen Rosswald<\/a><\/p>\n<\/td>\n<\/tr>\n<tr>\n<td id=\"g24\">\n<p style=\"text-align: left;\"><a href=\"https:\/\/telemarkclubbelalp.ch\/wp-content\/gallery\/g17\/\" target=\"_blank\" rel=\"noopener noreferrer\">2013_Teleday<\/a><\/p>\n<\/td>\n<td id=\"g25\">\n<p style=\"text-align: left;\"><a href=\"https:\/\/telemarkclubbelalp.ch\/wp-content\/gallery\/g16\/\" target=\"_blank\" rel=\"noopener noreferrer\">2012_Teleday<\/a><\/p>\n<\/td>\n<\/tr>\n<tr>\n<td id=\"g26\">\n<p style=\"text-align: left;\"><a href=\"https:\/\/telemarkclubbelalp.ch\/wp-content\/gallery\/g15\/\" target=\"_blank\" rel=\"noopener noreferrer\">2011_Teleday<\/a><\/p>\n<\/td>\n<td id=\"g27\">\n<p style=\"text-align: left;\"><a href=\"https:\/\/telemarkclubbelalp.ch\/wp-content\/gallery\/g13\/\" target=\"_blank\" rel=\"noopener noreferrer\">2009_Skitour<\/a><\/p>\n<\/td>\n<\/tr>\n<tr>\n<td id=\"g28\">\n<p style=\"text-align: left;\"><a href=\"https:\/\/telemarkclubbelalp.ch\/wp-content\/gallery\/g12\/\" target=\"_blank\" rel=\"noopener noreferrer\">2008_Wildride<\/a><\/p>\n<\/td>\n<td id=\"g29\">\n<p style=\"text-align: left;\"><a href=\"https:\/\/telemarkclubbelalp.ch\/wp-content\/gallery\/g11\/\" target=\"_blank\" rel=\"noopener noreferrer\">2008_Tour<\/a><\/p>\n<\/td>\n<\/tr>\n<tr>\n<td id=\"g30\">\n<p style=\"text-align: left;\"><a href=\"https:\/\/telemarkclubbelalp.ch\/wp-content\/gallery\/g10\/\" target=\"_blank\" rel=\"noopener noreferrer\">2008_Saisonabschluss<\/a><\/p>\n<\/td>\n<td id=\"g31\">\n<p style=\"text-align: left;\"><a href=\"https:\/\/telemarkclubbelalp.ch\/wp-content\/gallery\/g9\/\" target=\"_blank\" rel=\"noopener noreferrer\">2008_Belalp Telemarktreff<\/a><\/p>\n<\/td>\n<\/tr>\n<tr>\n<td id=\"g32\">\n<p style=\"text-align: left;\"><a href=\"https:\/\/telemarkclubbelalp.ch\/wp-content\/gallery\/g8\/\" target=\"_blank\" rel=\"noopener noreferrer\">2007_Telemarktour<\/a><\/p>\n<\/td>\n<td id=\"g33\">\n<p style=\"text-align: left;\"><a href=\"https:\/\/telemarkclubbelalp.ch\/wp-content\/gallery\/\" target=\"_blank\" rel=\"noopener noreferrer\">2007_Saisoner\u00f6ffnung<\/a><\/p>\n<\/td>\n<\/tr>\n<tr>\n<td id=\"g34\">\n<p style=\"text-align: left;\"><a href=\"https:\/\/telemarkclubbelalp.ch\/wp-content\/gallery\/g6\/\" target=\"_blank\" rel=\"noopener noreferrer\">2007_Saisonschluss<\/a><\/p>\n<\/td>\n<td id=\"g35\">\n<p style=\"text-align: left;\"><a href=\"https:\/\/telemarkclubbelalp.ch\/wp-content\/gallery\/g4\/\" target=\"_blank\" rel=\"noopener noreferrer\">2007_Oberwalliser Telemarktreff<\/a><\/p>\n<\/td>\n<\/tr>\n<tr>\n<td id=\"g36\" style=\"text-align: left;\"><a href=\"https:\/\/telemarkclubbelalp.ch\/wp-content\/gallery\/g2\/\" target=\"_blank\" rel=\"noopener noreferrer\">2007_Herbstausflug<\/a><\/td>\n<td style=\"text-align: center;\">&nbsp;<\/td>\n<\/tr>\n<\/tbody>\n<\/table>\n","protected":false},"excerpt":{"rendered":"<p>Fotoarchiv Telemarkclub Belalp 2018_Saisonschluss 2018_Dorfvereinsrennen 2018_Teleday 2017_ Herbstausflug 2017_ Saisonschluss 2017_Dorfvereinsrennen 2017_Teleday 2016_Saisoner\u00f6ffnung 2016_Herbstausflug 2016_Ostermontag Telemark mit Ap\u00e9ro 2016_Dorfvereinsrennen 2015_Saisioner\u00f6ffnung 2015_Herbstausflug 2015_Dorfvereinsrennen 2015_ Telemarkclub Fribourg zu Gast 2015_Teleday 2014_Herbstausflug 2014_Dorfvereinsrennen 2014_Teleday 2013_Saisoner\u00f6ffnung 2013_Herbstausflug 2013_Skitour Saisonschluss 2013_Dorfvereinsrennen 2013_Nostalgierennen Rosswald 2013_Teleday 2012_Teleday 2011_Teleday 2009_Skitour 2008_Wildride 2008_Tour 2008_Saisonabschluss 2008_Belalp Telemarktreff 2007_Telemarktour 2007_Saisoner\u00f6ffnung 2007_Saisonschluss 2007_Oberwalliser Telemarktreff 2007_Herbstausflug &nbsp;<\/p>\n","protected":false},"author":2,"featured_media":0,"parent":245,"menu_order":3,"comment_status":"closed","ping_status":"closed","template":"","meta":{"_crdt_document":"","ngg_post_thumbnail":0,"inspiro_hide_title":false,"footnotes":""},"class_list":["post-455","page","type-page","status-publish","hentry"],"_links":{"self":[{"href":"https:\/\/telemarkclubbelalp.ch\/wordpress\/wp-json\/wp\/v2\/pages\/455","targetHints":{"allow":["GET"]}}],"collection":[{"href":"https:\/\/telemarkclubbelalp.ch\/wordpress\/wp-json\/wp\/v2\/pages"}],"about":[{"href":"https:\/\/telemarkclubbelalp.ch\/wordpress\/wp-json\/wp\/v2\/types\/page"}],"author":[{"embeddable":true,"href":"https:\/\/telemarkclubbelalp.ch\/wordpress\/wp-json\/wp\/v2\/users\/2"}],"replies":[{"embeddable":true,"href":"https:\/\/telemarkclubbelalp.ch\/wordpress\/wp-json\/wp\/v2\/comments?post=455"}],"version-history":[{"count":33,"href":"https:\/\/telemarkclubbelalp.ch\/wordpress\/wp-json\/wp\/v2\/pages\/455\/revisions"}],"predecessor-version":[{"id":900,"href":"https:\/\/telemarkclubbelalp.ch\/wordpress\/wp-json\/wp\/v2\/pages\/455\/revisions\/900"}],"up":[{"embeddable":true,"href":"https:\/\/telemarkclubbelalp.ch\/wordpress\/wp-json\/wp\/v2\/pages\/245"}],"wp:attachment":[{"href":"https:\/\/telemarkclubbelalp.ch\/wordpress\/wp-json\/wp\/v2\/media?parent=455"}],"curies":[{"name":"wp","href":"https:\/\/api.w.org\/{rel}","templated":true}]}}