{"id":26,"date":"2018-09-24T09:00:21","date_gmt":"2018-09-24T09:00:21","guid":{"rendered":"https:\/\/telemarkclubbelalp.ch\/wordpress\/?page_id=26"},"modified":"2026-02-14T15:50:11","modified_gmt":"2026-02-14T14:50:11","slug":"der-club-since-1999","status":"publish","type":"page","link":"https:\/\/telemarkclubbelalp.ch\/wordpress\/","title":{"rendered":"Der Club &#8211; since 1999"},"content":{"rendered":"\n<p class=\"wp-block-paragraph\"><\/p>\n\n\n\n<h2 class=\"wp-block-heading\">The spirit of skiing &#8211; Free your heel and your mind will follow.<\/h2>\n\n\n\n<p class=\"wp-block-paragraph\">Im Jahre 1999 entstand in verschiedenen K\u00f6pfe die Idee auch auf der Belalp das Telemarkfahren wieder aufleben zulassen. Anl\u00e4sslich der Gr\u00fcndungsversammlung wurde der neue Geist auf die Piste ausgesetzt.<\/p>\n\n\n\n<h3 class=\"wp-block-heading\">TELEMARK &#8211; THE SPIRIT OF SKIING<\/h3>\n\n\n\n<p class=\"wp-block-paragraph\">Telemark ist einer der \u00e4ltesten Stile des alpinen Skisports. Er kommt aus Norwegen und erfreut sich wieder vermehrt grosser Beliebtheit. Telemark ist nicht eine Art skizufahren, sondern vielmehr eine Gesinnung.<\/p>\n\n\n\n<p class=\"wp-block-paragraph\">F\u00fcr eine Mitgliedschaft im Telemarkclub Belalp kannst du dich via diesem <a href=\"https:\/\/telemarkclubbelalp.ch\/wordpress\/index.php\/beitrittsanfrage\/\">Formular<\/a> unkompliziert anmelden.<\/p>\n\n\n\n<p class=\"wp-block-paragraph\"><\/p>\n\n\n\n<h3 class=\"wp-block-heading\">Teleday 2022 &#8211; Beitrag Kanal 9<\/h3>\n\n\n\n<figure class=\"wp-block-video\"><video height=\"720\" style=\"aspect-ratio: 1280 \/ 720;\" width=\"1280\" controls src=\"https:\/\/telemarkclubbelalp.ch\/wordpress\/wp-content\/uploads\/2022\/03\/canal9teleday2022ow.mp4\"><\/video><\/figure>\n","protected":false},"excerpt":{"rendered":"<p>The spirit of skiing &#8211; Free your heel and your mind will follow. Im Jahre 1999 entstand in verschiedenen K\u00f6pfe die Idee auch auf der Belalp das Telemarkfahren wieder aufleben zulassen. Anl\u00e4sslich der Gr\u00fcndungsversammlung wurde der neue Geist auf die Piste ausgesetzt. TELEMARK &#8211; THE SPIRIT OF SKIING Telemark ist einer der \u00e4ltesten Stile des &hellip; <\/p>\n<p class=\"link-more\"><a href=\"https:\/\/telemarkclubbelalp.ch\/wordpress\/\" class=\"more-link\">Mehr <span class=\"screen-reader-text\">\u00fcber &#8222;Der Club &#8211; since 1999&#8220; <\/span>Lesen<\/a><\/p>\n","protected":false},"author":2,"featured_media":0,"parent":639,"menu_order":0,"comment_status":"closed","ping_status":"closed","template":"","meta":{"_crdt_document":"","ngg_post_thumbnail":0,"inspiro_hide_title":false,"footnotes":""},"class_list":["post-26","page","type-page","status-publish","hentry"],"_links":{"self":[{"href":"https:\/\/telemarkclubbelalp.ch\/wordpress\/wp-json\/wp\/v2\/pages\/26","targetHints":{"allow":["GET"]}}],"collection":[{"href":"https:\/\/telemarkclubbelalp.ch\/wordpress\/wp-json\/wp\/v2\/pages"}],"about":[{"href":"https:\/\/telemarkclubbelalp.ch\/wordpress\/wp-json\/wp\/v2\/types\/page"}],"author":[{"embeddable":true,"href":"https:\/\/telemarkclubbelalp.ch\/wordpress\/wp-json\/wp\/v2\/users\/2"}],"replies":[{"embeddable":true,"href":"https:\/\/telemarkclubbelalp.ch\/wordpress\/wp-json\/wp\/v2\/comments?post=26"}],"version-history":[{"count":29,"href":"https:\/\/telemarkclubbelalp.ch\/wordpress\/wp-json\/wp\/v2\/pages\/26\/revisions"}],"predecessor-version":[{"id":2272,"href":"https:\/\/telemarkclubbelalp.ch\/wordpress\/wp-json\/wp\/v2\/pages\/26\/revisions\/2272"}],"up":[{"embeddable":true,"href":"https:\/\/telemarkclubbelalp.ch\/wordpress\/wp-json\/wp\/v2\/pages\/639"}],"wp:attachment":[{"href":"https:\/\/telemarkclubbelalp.ch\/wordpress\/wp-json\/wp\/v2\/media?parent=26"}],"curies":[{"name":"wp","href":"https:\/\/api.w.org\/{rel}","templated":true}]}}