{"id":1652,"date":"2023-05-16T10:01:49","date_gmt":"2023-05-16T08:01:49","guid":{"rendered":"https:\/\/telemarkclubbelalp.ch\/wordpress\/?page_id=1652"},"modified":"2026-02-14T16:21:31","modified_gmt":"2026-02-14T15:21:31","slug":"teleday-2022","status":"publish","type":"page","link":"https:\/\/telemarkclubbelalp.ch\/wordpress\/teleday-2022\/","title":{"rendered":"Teleday 2026"},"content":{"rendered":"\n<h2 class=\"wp-block-heading\">Skigebiet <a href=\"http:\/\/www.belalp.ch\" target=\"_blank\" rel=\"noreferrer noopener\"><strong>Blatten-Belalp<\/strong><\/a><\/h2>\n\n\n\n<h3 class=\"wp-block-heading\" style=\"font-size:clamp(18.959px, 1.185rem + ((1vw - 3.2px) * 0.977), 30px);\">Samstag, 21.03. &amp; Sonntag, 22.03.2026<\/h3>\n\n\n\n<figure class=\"wp-block-video\"><video height=\"720\" style=\"aspect-ratio: 1280 \/ 720;\" width=\"1280\" autoplay controls muted poster=\"https:\/\/telemarkclubbelalp.ch\/wordpress\/wp-content\/uploads\/2025\/10\/Teleday_Flyer_2026_V3-e1761764361276.jpg\" src=\"https:\/\/telemarkclubbelalp.ch\/wordpress\/wp-content\/uploads\/2025\/10\/Trailer-Teleday-2026.mp4\" playsinline><\/video><\/figure>\n\n\n\n<p class=\"has-text-align-center wp-block-paragraph\"><strong><a href=\"https:\/\/telemarkclubbelalp.ch\/wordpress\/wp-content\/uploads\/2025\/10\/Teleday_Flyer_2026_V3.pdf\" target=\"_blank\" rel=\"noreferrer noopener\">Download Flyer<\/a><\/strong><\/p>\n\n\n\n<h3 class=\"wp-block-heading has-medium-font-size\"><strong>Gratis Telemark-Test<\/strong><\/h3>\n\n\n\n<p class=\"wp-block-paragraph\"><strong>Anf\u00e4ngerkurse f\u00fcr Kinder und Erwachsene<\/strong><\/p>\n\n\n\n<p class=\"wp-block-paragraph\">Ob Klein oder Gross &#8211; bei uns bist du genau richtig! Unsere erfahrenen Coaches zeigen dir, wie du mit Spass und Leichtigkeit ins Telemarken einsteigst.<\/p>\n\n\n\n<p class=\"wp-block-paragraph\"><strong>Festwirtschaft und gem\u00fctliches Beisammensein<\/strong><\/p>\n\n\n\n<p class=\"wp-block-paragraph\">F\u00fcr das leibliche Wohl ist gesorgt!<br>Geniesse feine Speisen, warme Getr\u00e4nke, und eine entspannte Atmosph\u00e4re.<br><br><strong>Anmeldung<\/strong><br>Eine Anmeldung f\u00fcr den Telemark Test ist nicht erforderlich. Das Testmaterial wird nach dem Prinzip first come, first serve herausgegeben. Das Testmaterial kann nicht reserviert werden! Maximale Nutzungsdauer des Testmaterials ist 90 Minuten. Sollte das gew\u00fcnschte Material im Moment nicht verf\u00fcgbar sein, kann man w\u00e4hrend der Wartezeit ein erfrischendes Getr\u00e4nk in der Festwirtschaft geniessen.<\/p>\n\n\n\n<p class=\"wp-block-paragraph\"><strong>Wir bedanken uns recht herzlich f\u00fcr die grossz\u00fcgige Unterst\u00fctzung!<\/strong><\/p>\n\n\n\n<div class=\"alignnormal\"><div id=\"metaslider-id-2170\" style=\"max-width: 500px; margin: 0 auto;\" class=\"ml-slider-3-108-0 metaslider metaslider-flex metaslider-2170 ml-slider ms-theme-default nav-hidden\" role=\"region\" aria-label=\"Sponsoren Teleday 2026\" data-height=\"400\" data-width=\"500\">\n    <div id=\"metaslider_container_2170\">\n        <div id=\"metaslider_2170\">\n            <ul class='slides'>\n                <li style=\"display: block; width: 100%;\" class=\"slide-2171 ms-image \" aria-roledescription=\"slide\" data-date=\"2026-01-11 11:40:24\" data-filename=\"logo_Belalpbahnen-1-500x400.png\" data-slide-type=\"image\"><a href=\"https:\/\/www.belalp.ch\/\" target=\"_blank\" aria-label=\"Belalpbahnen &amp; Blatten-Belalp Tourismus\" class=\"metaslider_image_link\"><img loading=\"lazy\" decoding=\"async\" src=\"https:\/\/telemarkclubbelalp.ch\/wordpress\/wp-content\/uploads\/2026\/02\/logo_Belalpbahnen-1-500x400.png\" height=\"400\" width=\"500\" alt=\"\" class=\"slider-2170 slide-2171 msDefaultImage\" title=\"logo_Belalpbahnen\" \/><\/a><\/li>\n                <li style=\"display: none; width: 100%;\" class=\"slide-2193 ms-image \" aria-roledescription=\"slide\" data-date=\"2026-01-11 11:42:46\" data-filename=\"Geissgaedi-Logo-V4-e1770618157632-500x400.png\" data-slide-type=\"image\"><a href=\"https:\/\/www.belalp.ch\/de\/veranstaltung\/apres-ski-party\" target=\"_blank\" aria-label=\"APR\u00c8S-SKI PARTY im Geissg\u00e4di Blatten b. Naters\" class=\"metaslider_image_link\"><img loading=\"lazy\" decoding=\"async\" src=\"https:\/\/telemarkclubbelalp.ch\/wordpress\/wp-content\/uploads\/2026\/01\/Geissgaedi-Logo-V4-e1770618157632-500x400.png\" height=\"400\" width=\"500\" alt=\"\" class=\"slider-2170 slide-2193 msDefaultImage\" title=\"Geissg\u00e4di Apr\u00e8s Ski, Blatten b. Naters\" \/><\/a><\/li>\n                <li style=\"display: none; width: 100%;\" class=\"slide-2172 ms-image \" aria-roledescription=\"slide\" data-date=\"2026-01-11 11:40:24\" data-filename=\"2B1C0E35-AEB1-4DD9-ACF2-556ADD7F1ECC-500x400.jpeg\" data-slide-type=\"image\"><a href=\"https:\/\/www.hotel-belalp.ch\/\" target=\"_blank\" aria-label=\"View Slide Details\" class=\"metaslider_image_link\"><img loading=\"lazy\" decoding=\"async\" src=\"https:\/\/telemarkclubbelalp.ch\/wordpress\/wp-content\/uploads\/2022\/02\/2B1C0E35-AEB1-4DD9-ACF2-556ADD7F1ECC-500x400.jpeg\" height=\"400\" width=\"500\" alt=\"\" class=\"slider-2170 slide-2172 msDefaultImage\" title=\"Druck\" \/><\/a><\/li>\n                <li style=\"display: none; width: 100%;\" class=\"slide-2173 ms-image \" aria-roledescription=\"slide\" data-date=\"2026-01-11 11:40:24\" data-filename=\"schneesportschule-500x400.png\" data-slide-type=\"image\"><a href=\"https:\/\/www.skischule-belalp.ch\/\" target=\"_blank\" aria-label=\"Schneesportschule Belalp\" class=\"metaslider_image_link\"><img loading=\"lazy\" decoding=\"async\" src=\"https:\/\/telemarkclubbelalp.ch\/wordpress\/wp-content\/uploads\/2020\/01\/schneesportschule-500x400.png\" height=\"400\" width=\"500\" alt=\"Schneesportschule Belalp\" class=\"slider-2170 slide-2173 msDefaultImage\" title=\"Schneesportschule Belalp\" \/><\/a><\/li>\n                <li style=\"display: none; width: 100%;\" class=\"slide-2174 ms-image \" aria-roledescription=\"slide\" data-date=\"2026-01-11 11:40:24\" data-filename=\"Logo_Claim_CMYK.jpg-5-cm-e1768591252921-500x400.jpg\" data-slide-type=\"image\"><a href=\"https:\/\/freeheeler.eu\/\" target=\"_blank\" aria-label=\"Freeheeler Testival Tour\" class=\"metaslider_image_link\"><img loading=\"lazy\" decoding=\"async\" src=\"https:\/\/telemarkclubbelalp.ch\/wordpress\/wp-content\/uploads\/2021\/10\/Logo_Claim_CMYK.jpg-5-cm-e1768591252921-500x400.jpg\" height=\"400\" width=\"500\" alt=\"\" class=\"slider-2170 slide-2174 msDefaultImage\" title=\"Logo_Claim_Ebenen\" \/><\/a><\/li>\n                <li style=\"display: none; width: 100%;\" class=\"slide-2177 ms-image \" aria-roledescription=\"slide\" data-date=\"2026-01-11 11:40:24\" data-filename=\"Inserat_Riglu_128x46-e1768592723233-500x400.png\" data-slide-type=\"image\"><a href=\"http:\/\/www.riglu.ch\/\" target=\"_blank\" aria-label=\"Riccos Iglu Sch\u00f6nbiel, Belalp\" class=\"metaslider_image_link\"><img loading=\"lazy\" decoding=\"async\" src=\"https:\/\/telemarkclubbelalp.ch\/wordpress\/wp-content\/uploads\/2026\/01\/Inserat_Riglu_128x46-e1768592723233-500x400.png\" height=\"400\" width=\"500\" alt=\"\" class=\"slider-2170 slide-2177 msDefaultImage\" title=\"Inserat_Riglu_128x46\" \/><\/a><\/li>\n                <li style=\"display: none; width: 100%;\" class=\"slide-2179 ms-image \" aria-roledescription=\"slide\" data-date=\"2026-01-11 11:40:24\" data-filename=\"Logo-HL-Belalp-fc-e1581492481202-500x400.jpg\" data-slide-type=\"image\"><a href=\"https:\/\/www.hamiltonlodge.ch\/de\/\" target=\"_blank\" aria-label=\"Hamilton Lodge, Belalp\" class=\"metaslider_image_link\"><img loading=\"lazy\" decoding=\"async\" src=\"https:\/\/telemarkclubbelalp.ch\/wordpress\/wp-content\/uploads\/2020\/02\/Logo-HL-Belalp-fc-e1581492481202-500x400.jpg\" height=\"400\" width=\"500\" alt=\"Logo Hamilton Lodge Belalp\" class=\"slider-2170 slide-2179 msDefaultImage\" title=\"Hamilton Lodge Belalp\" \/><\/a><\/li>\n                <li style=\"display: none; width: 100%;\" class=\"slide-2182 ms-image \" aria-roledescription=\"slide\" data-date=\"2026-01-11 11:40:24\" data-filename=\"logo_positiv_rgb-e1583085938695-500x400.jpg\" data-slide-type=\"image\"><a href=\"https:\/\/www.blasercafe.ch\/\" target=\"_blank\" aria-label=\"View Slide Details\" class=\"metaslider_image_link\"><img loading=\"lazy\" decoding=\"async\" src=\"https:\/\/telemarkclubbelalp.ch\/wordpress\/wp-content\/uploads\/2020\/02\/logo_positiv_rgb-e1583085938695-500x400.jpg\" height=\"400\" width=\"500\" alt=\"Logo Blaser Caf\u00e9\" class=\"slider-2170 slide-2182 msDefaultImage\" title=\"Logo Blaser Caf\u00e9\" \/><\/a><\/li>\n                <li style=\"display: none; width: 100%;\" class=\"slide-2185 ms-image \" aria-roledescription=\"slide\" data-date=\"2026-01-11 11:40:24\" data-filename=\"GasserSportTeleday2020-scaled-e1583178166853-500x400.jpg\" data-slide-type=\"image\"><a href=\"http:\/\/gassersport.ch\/\" target=\"_blank\" aria-label=\"Gasser Sport, Blatten b. Naters\" class=\"metaslider_image_link\"><img loading=\"lazy\" decoding=\"async\" src=\"https:\/\/telemarkclubbelalp.ch\/wordpress\/wp-content\/uploads\/2020\/03\/GasserSportTeleday2020-scaled-e1583178166853-500x400.jpg\" height=\"400\" width=\"500\" alt=\"\" class=\"slider-2170 slide-2185 msDefaultImage\" title=\"Gasser Sport Blatten-Belalp\" \/><\/a><\/li>\n                <li style=\"display: none; width: 100%;\" class=\"slide-2186 ms-image \" aria-roledescription=\"slide\" data-date=\"2026-01-11 11:40:24\" data-filename=\"unnamed-file-e1771081992932-500x400.jpg\" data-slide-type=\"image\"><a href=\"https:\/\/www.dorfapo.ch\/\" target=\"_blank\" aria-label=\"DorfApotheke in Naters\" class=\"metaslider_image_link\"><img loading=\"lazy\" decoding=\"async\" src=\"https:\/\/telemarkclubbelalp.ch\/wordpress\/wp-content\/uploads\/2024\/03\/unnamed-file-e1771081992932-500x400.jpg\" height=\"400\" width=\"500\" alt=\"\" class=\"slider-2170 slide-2186 msDefaultImage\" \/><\/a><\/li>\n                <li style=\"display: none; width: 100%;\" class=\"slide-2188 ms-image \" aria-roledescription=\"slide\" data-date=\"2026-01-11 11:40:24\" data-filename=\"Raiffeisen_Logo_RGB-e1768591221123-500x400.png\" data-slide-type=\"image\"><a href=\"https:\/\/www.raiffeisen.ch\/belalp-simplon\/de.html\" target=\"_blank\" aria-label=\"Raiffeisenbank Belalp-Simplon\" class=\"metaslider_image_link\"><img loading=\"lazy\" decoding=\"async\" src=\"https:\/\/telemarkclubbelalp.ch\/wordpress\/wp-content\/uploads\/2022\/02\/Raiffeisen_Logo_RGB-e1768591221123-500x400.png\" height=\"400\" width=\"500\" alt=\"Raiffeisenbank Belalp-Simplon\" class=\"slider-2170 slide-2188 msDefaultImage\" title=\"Raiffeisenbank Belalp-Simplon\" \/><\/a><\/li>\n                <li style=\"display: none; width: 100%;\" class=\"slide-2191 ms-image \" aria-roledescription=\"slide\" data-date=\"2026-01-11 11:42:25\" data-filename=\"logo_music_event_pos_rbg-e1768592689212-500x400.jpg\" data-slide-type=\"image\"><a href=\"https:\/\/agenda.culturevalais.ch\/de\/institution\/show\/1915\" target=\"_blank\" aria-label=\"Music &amp; Event VS GmbH Mund\" class=\"metaslider_image_link\"><img loading=\"lazy\" decoding=\"async\" src=\"https:\/\/telemarkclubbelalp.ch\/wordpress\/wp-content\/uploads\/2026\/01\/logo_music_event_pos_rbg-e1768592689212-500x400.jpg\" height=\"400\" width=\"500\" alt=\"\" class=\"slider-2170 slide-2191 msDefaultImage\" title=\"Music &amp; Event VS\" \/><\/a><\/li>\n                <li style=\"display: none; width: 100%;\" class=\"slide-2207 ms-image \" aria-roledescription=\"slide\" data-date=\"2026-01-16 19:46:23\" data-filename=\"Logo_Isenschmid.avif\" data-slide-type=\"image\"><a href=\"https:\/\/www.isenschmidag.ch\/\" target=\"_blank\" aria-label=\"Isenschmid AG Thun\" class=\"metaslider_image_link\"><img loading=\"lazy\" decoding=\"async\" src=\"https:\/\/telemarkclubbelalp.ch\/wordpress\/wp-content\/uploads\/2026\/01\/Logo_Isenschmid.avif\" height=\"400\" width=\"500\" alt=\"Logo Isenschmid AG, Thun\" class=\"slider-2170 slide-2207 msDefaultImage\" title=\"Logo Isenschmid AG, Thun\" \/><\/a><\/li>\n                <li style=\"display: none; width: 100%;\" class=\"slide-2215 ms-image \" aria-roledescription=\"slide\" data-date=\"2026-01-16 20:59:38\" data-filename=\"csm_Logo_Bikeschule_Belalp_Wappen_a7fc0cde91-500x400.png\" data-slide-type=\"image\"><a href=\"https:\/\/www.skischule-belalp.ch\/bikeschule\/\" target=\"_blank\" aria-label=\"Bikeschule Belalp\" class=\"metaslider_image_link\"><img loading=\"lazy\" decoding=\"async\" src=\"https:\/\/telemarkclubbelalp.ch\/wordpress\/wp-content\/uploads\/2026\/01\/csm_Logo_Bikeschule_Belalp_Wappen_a7fc0cde91-500x400.png\" height=\"400\" width=\"500\" alt=\"\" class=\"slider-2170 slide-2215 msDefaultImage\" title=\"csm_Logo_Bikeschule_Belalp_Wappen_a7fc0cde91\" \/><\/a><\/li>\n                <li style=\"display: none; width: 100%;\" class=\"slide-2217 ms-image \" aria-roledescription=\"slide\" data-date=\"2026-01-27 19:46:57\" data-filename=\"Schilt_Elektro_AG-500x400.png\" data-slide-type=\"image\"><a href=\"https:\/\/www.schiltelektro.ch\/\" target=\"_blank\" aria-label=\"Schilt Elektro AG, Grenchen\" class=\"metaslider_image_link\"><img loading=\"lazy\" decoding=\"async\" src=\"https:\/\/telemarkclubbelalp.ch\/wordpress\/wp-content\/uploads\/2026\/01\/Schilt_Elektro_AG-500x400.png\" height=\"400\" width=\"500\" alt=\"\" class=\"slider-2170 slide-2217 msDefaultImage\" title=\"Schilt_Elektro_AG\" \/><\/a><\/li>\n                <li style=\"display: none; width: 100%;\" class=\"slide-2219 ms-image \" aria-roledescription=\"slide\" data-date=\"2026-01-29 20:23:09\" data-filename=\"logo-bild-500x400.png\" data-slide-type=\"image\"><a href=\"http:\/\/www.naters.ch\" target=\"_blank\" aria-label=\"Gemeinde Naters\" class=\"metaslider_image_link\"><img loading=\"lazy\" decoding=\"async\" src=\"https:\/\/telemarkclubbelalp.ch\/wordpress\/wp-content\/uploads\/2020\/02\/logo-bild-500x400.png\" height=\"400\" width=\"500\" alt=\"Gemeinde Naters\" class=\"slider-2170 slide-2219 msDefaultImage\" title=\"Gemeinde Naters\" \/><\/a><\/li>\n                <li style=\"display: none; width: 100%;\" class=\"slide-2223 ms-image \" aria-roledescription=\"slide\" data-date=\"2026-02-02 22:26:37\" data-filename=\"KARO-Logo-mit-Adresse-und-Icons1-500x400.jpg\" data-slide-type=\"image\"><a href=\"http:\/\/karo-holz.ch\" target=\"_blank\" aria-label=\"Karl Rohrer AG, Sachseln\" class=\"metaslider_image_link\"><img loading=\"lazy\" decoding=\"async\" src=\"https:\/\/telemarkclubbelalp.ch\/wordpress\/wp-content\/uploads\/2026\/02\/KARO-Logo-mit-Adresse-und-Icons1-500x400.jpg\" height=\"400\" width=\"500\" alt=\"KARO Holz\" class=\"slider-2170 slide-2223 msDefaultImage\" title=\"KARO Holz\" \/><\/a><\/li>\n                <li style=\"display: none; width: 100%;\" class=\"slide-2226 ms-image \" aria-roledescription=\"slide\" data-date=\"2026-02-09 07:14:41\" data-filename=\"Logo_Lauber_Kreativdesign_2026-e1770617963803-500x400.png\" data-slide-type=\"image\"><a href=\"https:\/\/lauber-design.ch\/\" target=\"_blank\" aria-label=\"Lauber Web&amp;Design\" class=\"metaslider_image_link\"><img loading=\"lazy\" decoding=\"async\" src=\"https:\/\/telemarkclubbelalp.ch\/wordpress\/wp-content\/uploads\/2026\/02\/Logo_Lauber_Kreativdesign_2026-e1770617963803-500x400.png\" height=\"400\" width=\"500\" alt=\"\" class=\"slider-2170 slide-2226 msDefaultImage\" title=\"Logo_Lauber_Kreativdesign_2026\" \/><\/a><\/li>\n                <li style=\"display: none; width: 100%;\" class=\"slide-2244 ms-image \" aria-roledescription=\"slide\" data-date=\"2026-02-13 21:20:31\" data-filename=\"image001-500x400.png\" data-slide-type=\"image\"><a href=\"https:\/\/www.schaller-studer.ch\/\" target=\"_blank\" aria-label=\"Schaller &amp; Studer GmbH\" class=\"metaslider_image_link\"><img loading=\"lazy\" decoding=\"async\" src=\"https:\/\/telemarkclubbelalp.ch\/wordpress\/wp-content\/uploads\/2026\/02\/image001-500x400.png\" height=\"400\" width=\"500\" alt=\"\" class=\"slider-2170 slide-2244 msDefaultImage\" title=\"image001\" \/><\/a><\/li>\n                <li style=\"display: none; width: 100%;\" class=\"slide-2320 ms-image \" aria-roledescription=\"slide\" data-date=\"2026-02-23 16:45:42\" data-filename=\"Logo_CentralApothekeNaters_klein-500x400.jpg\" data-slide-type=\"image\"><a href=\"https:\/\/www.central-apotheke.ch\/\" target=\"_blank\" aria-label=\"Central Apotheke Naters\" class=\"metaslider_image_link\"><img loading=\"lazy\" decoding=\"async\" src=\"https:\/\/telemarkclubbelalp.ch\/wordpress\/wp-content\/uploads\/2026\/02\/Logo_CentralApothekeNaters_klein-500x400.jpg\" height=\"400\" width=\"500\" alt=\"\" class=\"slider-2170 slide-2320 msDefaultImage\" title=\"Logo_CentralApothekeNaters_klein\" \/><\/a><\/li>\n                <li style=\"display: none; width: 100%;\" class=\"slide-2328 ms-image \" aria-roledescription=\"slide\" data-date=\"2026-03-14 08:18:22\" data-filename=\"Logo_Zimmerei_Frei_VS-e1773469381904-500x400.jpeg\" data-slide-type=\"image\"><a href=\"https:\/\/www.zimmerei-frei.ch\/\" target=\"_blank\" aria-label=\"Zimmerei Frei, H\u00fcnenberg\" class=\"metaslider_image_link\"><img loading=\"lazy\" decoding=\"async\" src=\"https:\/\/telemarkclubbelalp.ch\/wordpress\/wp-content\/uploads\/2026\/03\/Logo_Zimmerei_Frei_VS-e1773469381904-500x400.jpeg\" height=\"400\" width=\"500\" alt=\"\" class=\"slider-2170 slide-2328 msDefaultImage\" title=\"Logo_Zimmerei_Frei_VS\" \/><\/a><\/li>\n            <\/ul>\n        <\/div>\n        \n    <\/div>\n<\/div><\/div>\n","protected":false},"excerpt":{"rendered":"<p>Skigebiet Blatten-Belalp Samstag, 21.03. &amp; Sonntag, 22.03.2026 Download Flyer Gratis Telemark-Test Anf\u00e4ngerkurse f\u00fcr Kinder und Erwachsene Ob Klein oder Gross &#8211; bei uns bist du genau richtig! Unsere erfahrenen Coaches zeigen dir, wie du mit Spass und Leichtigkeit ins Telemarken einsteigst. Festwirtschaft und gem\u00fctliches Beisammensein F\u00fcr das leibliche Wohl ist gesorgt!Geniesse feine Speisen, warme Getr\u00e4nke, &hellip; <\/p>\n<p class=\"link-more\"><a href=\"https:\/\/telemarkclubbelalp.ch\/wordpress\/teleday-2022\/\" class=\"more-link\">Mehr <span class=\"screen-reader-text\">\u00fcber &#8222;Teleday 2026&#8220; <\/span>Lesen<\/a><\/p>\n","protected":false},"author":3,"featured_media":0,"parent":0,"menu_order":0,"comment_status":"closed","ping_status":"closed","template":"","meta":{"_crdt_document":"","ngg_post_thumbnail":0,"inspiro_hide_title":false,"footnotes":""},"class_list":["post-1652","page","type-page","status-publish","hentry"],"_links":{"self":[{"href":"https:\/\/telemarkclubbelalp.ch\/wordpress\/wp-json\/wp\/v2\/pages\/1652","targetHints":{"allow":["GET"]}}],"collection":[{"href":"https:\/\/telemarkclubbelalp.ch\/wordpress\/wp-json\/wp\/v2\/pages"}],"about":[{"href":"https:\/\/telemarkclubbelalp.ch\/wordpress\/wp-json\/wp\/v2\/types\/page"}],"author":[{"embeddable":true,"href":"https:\/\/telemarkclubbelalp.ch\/wordpress\/wp-json\/wp\/v2\/users\/3"}],"replies":[{"embeddable":true,"href":"https:\/\/telemarkclubbelalp.ch\/wordpress\/wp-json\/wp\/v2\/comments?post=1652"}],"version-history":[{"count":14,"href":"https:\/\/telemarkclubbelalp.ch\/wordpress\/wp-json\/wp\/v2\/pages\/1652\/revisions"}],"predecessor-version":[{"id":2280,"href":"https:\/\/telemarkclubbelalp.ch\/wordpress\/wp-json\/wp\/v2\/pages\/1652\/revisions\/2280"}],"wp:attachment":[{"href":"https:\/\/telemarkclubbelalp.ch\/wordpress\/wp-json\/wp\/v2\/media?parent=1652"}],"curies":[{"name":"wp","href":"https:\/\/api.w.org\/{rel}","templated":true}]}}