{"id":1189,"date":"2020-03-02T20:53:38","date_gmt":"2020-03-02T19:53:38","guid":{"rendered":"https:\/\/telemarkclubbelalp.ch\/wordpress\/?page_id=1189"},"modified":"2025-05-24T11:41:24","modified_gmt":"2025-05-24T09:41:24","slug":"skitickets-belalp","status":"publish","type":"page","link":"https:\/\/telemarkclubbelalp.ch\/wordpress\/skitickets-belalp\/","title":{"rendered":"Skitickets Belalp"},"content":{"rendered":"\n<p class=\"wp-block-paragraph\">Seit dem 1. Mai 2025 ist die Destination <strong><a href=\"https:\/\/www.belalp.ch\" data-type=\"link\" data-id=\"https:\/\/www.belalp.ch\" target=\"_blank\" rel=\"noreferrer noopener\">Blatten- Belalp<\/a> <\/strong>Mitglied des <a href=\"https:\/\/www.magicpass.ch\/de\/?gad_source=1&amp;gclid=CjwKCAjw47i_BhBTEiwAaJfPppOlHr27pFEH9aw44mR7gzGUX1Bb_5yUMKFQVuOMJQE9JGsGE0bYmRoCrNYQAvD_BwE\" target=\"_blank\" rel=\"noreferrer noopener\"><strong>Magicpass<\/strong><\/a>!<\/p>\n\n\n\n<p class=\"wp-block-paragraph\">Fast 100 Stationen \u2013 Winter und Sommer. C&#8217;est Magic!<\/p>\n\n\n\n<p class=\"wp-block-paragraph\">Ein einziger Pass f\u00fcr fast 100 Destinationen, mehr als 2&#8217;000 Pistenkilometer, 2 Gletscher, rund 20 Snowparks, zahlreiche Sonnenterrassen in den Bergen und 2 Drehrestaurants. Zus\u00e4tzlich gibt es \u00fcber 1&#8217;000 km Mountainbike-Strecken, Wanderwege, familienfreundliche Ausflugsziele, Thermalb\u00e4der, atemberaubende Panoramen und vieles mehr.<\/p>\n\n\n\n<hr class=\"wp-block-separator has-alpha-channel-opacity\"\/>\n\n\n\n<p class=\"wp-block-paragraph\">Bergbahntickets, Tages- und Mehrtageskarten sind\u00a0ab sofort im <strong><a href=\"https:\/\/shop.belalp.ch\/de\/\" target=\"_blank\" rel=\"noreferrer noopener\">Webshop<\/a> <\/strong>auf belalp.ch erh\u00e4ltlich. Kaufen Sie schnell und einfach Ihren Skipass oder Ihr Bergbahnticket online und laden Sie Ihre Tickets direkt auf Ihre Keycard oder Ihren SwissPass oder holen Sie diese vor Ort ab.<\/p>\n","protected":false},"excerpt":{"rendered":"<p>Seit dem 1. Mai 2025 ist die Destination Blatten- Belalp Mitglied des Magicpass! Fast 100 Stationen \u2013 Winter und Sommer. C&#8217;est Magic! Ein einziger Pass f\u00fcr fast 100 Destinationen, mehr als 2&#8217;000 Pistenkilometer, 2 Gletscher, rund 20 Snowparks, zahlreiche Sonnenterrassen in den Bergen und 2 Drehrestaurants. Zus\u00e4tzlich gibt es \u00fcber 1&#8217;000 km Mountainbike-Strecken, Wanderwege, familienfreundliche &hellip; <\/p>\n<p class=\"link-more\"><a href=\"https:\/\/telemarkclubbelalp.ch\/wordpress\/skitickets-belalp\/\" class=\"more-link\">Mehr <span class=\"screen-reader-text\">\u00fcber &#8222;Skitickets Belalp&#8220; <\/span>Lesen<\/a><\/p>\n","protected":false},"author":2,"featured_media":0,"parent":0,"menu_order":0,"comment_status":"closed","ping_status":"closed","template":"","meta":{"_crdt_document":"","ngg_post_thumbnail":0,"inspiro_hide_title":false,"footnotes":""},"class_list":["post-1189","page","type-page","status-publish","hentry"],"_links":{"self":[{"href":"https:\/\/telemarkclubbelalp.ch\/wordpress\/wp-json\/wp\/v2\/pages\/1189","targetHints":{"allow":["GET"]}}],"collection":[{"href":"https:\/\/telemarkclubbelalp.ch\/wordpress\/wp-json\/wp\/v2\/pages"}],"about":[{"href":"https:\/\/telemarkclubbelalp.ch\/wordpress\/wp-json\/wp\/v2\/types\/page"}],"author":[{"embeddable":true,"href":"https:\/\/telemarkclubbelalp.ch\/wordpress\/wp-json\/wp\/v2\/users\/2"}],"replies":[{"embeddable":true,"href":"https:\/\/telemarkclubbelalp.ch\/wordpress\/wp-json\/wp\/v2\/comments?post=1189"}],"version-history":[{"count":8,"href":"https:\/\/telemarkclubbelalp.ch\/wordpress\/wp-json\/wp\/v2\/pages\/1189\/revisions"}],"predecessor-version":[{"id":2071,"href":"https:\/\/telemarkclubbelalp.ch\/wordpress\/wp-json\/wp\/v2\/pages\/1189\/revisions\/2071"}],"wp:attachment":[{"href":"https:\/\/telemarkclubbelalp.ch\/wordpress\/wp-json\/wp\/v2\/media?parent=1189"}],"curies":[{"name":"wp","href":"https:\/\/api.w.org\/{rel}","templated":true}]}}